{"id":74,"date":"2019-03-13T07:49:32","date_gmt":"2019-03-13T07:49:32","guid":{"rendered":"http:\/\/fewo-carolla.de\/?page_id=74"},"modified":"2019-03-19T10:28:46","modified_gmt":"2019-03-19T10:28:46","slug":"elementor-74","status":"publish","type":"page","link":"http:\/\/fewo-carolla.de\/?page_id=74","title":{"rendered":"Lage"},"content":{"rendered":"\t\t<div data-elementor-type=\"wp-post\" data-elementor-id=\"74\" class=\"elementor elementor-74\">\n\t\t\t\t\t\t<section class=\"elementor-section elementor-top-section elementor-element elementor-element-6755f4f elementor-section-boxed elementor-section-height-default elementor-section-height-default\" data-id=\"6755f4f\" data-element_type=\"section\" data-e-type=\"section\">\n\t\t\t\t\t\t<div class=\"elementor-container elementor-column-gap-default\">\n\t\t\t\t\t<div class=\"elementor-column elementor-col-100 elementor-top-column elementor-element elementor-element-9ceafaf\" data-id=\"9ceafaf\" data-element_type=\"column\" data-e-type=\"column\">\n\t\t\t<div class=\"elementor-widget-wrap elementor-element-populated\">\n\t\t\t\t\t\t<div class=\"elementor-element elementor-element-7d4932e elementor-widget elementor-widget-spacer\" data-id=\"7d4932e\" data-element_type=\"widget\" data-e-type=\"widget\" data-widget_type=\"spacer.default\">\n\t\t\t\t<div class=\"elementor-widget-container\">\n\t\t\t\t\t\t\t<div class=\"elementor-spacer\">\n\t\t\t<div class=\"elementor-spacer-inner\"><\/div>\n\t\t<\/div>\n\t\t\t\t\t\t<\/div>\n\t\t\t\t<\/div>\n\t\t\t\t\t<\/div>\n\t\t<\/div>\n\t\t\t\t\t<\/div>\n\t\t<\/section>\n\t\t\t\t<section class=\"elementor-section elementor-top-section elementor-element elementor-element-5557c95 elementor-section-boxed elementor-section-height-default elementor-section-height-default\" data-id=\"5557c95\" data-element_type=\"section\" data-e-type=\"section\">\n\t\t\t\t\t\t<div class=\"elementor-container elementor-column-gap-default\">\n\t\t\t\t\t<div class=\"elementor-column elementor-col-100 elementor-top-column elementor-element elementor-element-a0ef053\" data-id=\"a0ef053\" data-element_type=\"column\" data-e-type=\"column\">\n\t\t\t<div class=\"elementor-widget-wrap elementor-element-populated\">\n\t\t\t\t\t\t<div class=\"elementor-element elementor-element-de43ed9 elementor-widget elementor-widget-text-editor\" data-id=\"de43ed9\" data-element_type=\"widget\" data-e-type=\"widget\" data-widget_type=\"text-editor.default\">\n\t\t\t\t<div class=\"elementor-widget-container\">\n\t\t\t\t\t\t\t\t\t<p>Bietingen ist ein Dorf mit ca. 1.150 Einwohnern<sup id=\"cite_ref-1\" class=\"reference\"><\/sup> im Landkreis Konstanz in Baden-W\u00fcrttemberg. Die bis 1974 selbst\u00e4ndige Gemeinde Bietingen geh\u00f6rt heute als Ortsteil zur Gemeinde Gottmadingen.<\/p><p>Bietingen liegt am Westrand des Hegau an der Grenze zur Schweiz, etwa auf halbem Weg zwischen den St\u00e4dten Schaffhausen und Singen (Hohentwiel). Das h\u00fcgelige Gel\u00e4nde um Bietingen wird von \u00c4ckern und Wiesen gepr\u00e4gt, \u00f6stlich und s\u00fcdwestlich des Dorfes zeigen sich kleinere Waldfl\u00e4chen. Durch Bietingen flie\u00dft die Biber auf ihrem Weg zum Rhein. Das Bibertal wird von zwei Verkehrswegen genutzt: von der Hochrheinbahn und der Bundesstra\u00dfe 34 (Teil der Europastra\u00dfe 54) mit dem nach Weil am Rhein\/Basel zweitgr\u00f6\u00dften Stra\u00dfengrenz\u00fcbergang zwischen Deutschland und der Schweiz als Teil der Verbindung Stuttgart\u2212Z\u00fcrich.<\/p><p>\u00a0<\/p><p>\u00a0<\/p>\t\t\t\t\t\t\t\t<\/div>\n\t\t\t\t<\/div>\n\t\t\t\t\t<\/div>\n\t\t<\/div>\n\t\t\t\t\t<\/div>\n\t\t<\/section>\n\t\t\t\t<section class=\"elementor-section elementor-top-section elementor-element elementor-element-5503903 elementor-section-boxed elementor-section-height-default elementor-section-height-default\" data-id=\"5503903\" data-element_type=\"section\" data-e-type=\"section\">\n\t\t\t\t\t\t<div class=\"elementor-container elementor-column-gap-default\">\n\t\t\t\t\t<div class=\"elementor-column elementor-col-33 elementor-top-column elementor-element elementor-element-41676db\" data-id=\"41676db\" data-element_type=\"column\" data-e-type=\"column\">\n\t\t\t<div class=\"elementor-widget-wrap elementor-element-populated\">\n\t\t\t\t\t\t<div class=\"elementor-element elementor-element-b7c3602 elementor-widget elementor-widget-text-editor\" data-id=\"b7c3602\" data-element_type=\"widget\" data-e-type=\"widget\" data-widget_type=\"text-editor.default\">\n\t\t\t\t<div class=\"elementor-widget-container\">\n\t\t\t\t\t\t\t\t\t<p>Der Bahnhof liegt ca. 1,5 km von der Ferienwohnung entfernt, und ist zu Fu\u00df in ca. 15 Min. zu erreichen. Somit sind Sie auch ohne Auto mobil.<\/p><p>\u00a0<\/p>\t\t\t\t\t\t\t\t<\/div>\n\t\t\t\t<\/div>\n\t\t\t\t\t<\/div>\n\t\t<\/div>\n\t\t\t\t<div class=\"elementor-column elementor-col-33 elementor-top-column elementor-element elementor-element-38a749d\" data-id=\"38a749d\" data-element_type=\"column\" data-e-type=\"column\">\n\t\t\t<div class=\"elementor-widget-wrap elementor-element-populated\">\n\t\t\t\t\t\t<div class=\"elementor-element elementor-element-1f1a4c0 elementor-widget elementor-widget-text-editor\" data-id=\"1f1a4c0\" data-element_type=\"widget\" data-e-type=\"widget\" data-widget_type=\"text-editor.default\">\n\t\t\t\t<div class=\"elementor-widget-container\">\n\t\t\t\t\t\t\t\t\t<p>Im Ort gibt es einige Einkaufsm\u00f6glichkeiten:<br \/>Lidl, B\u00e4ckerei, Metzgerei, Tankstelle, Blumenladen.<br \/>Im nahe liegenden Ort Gottmadingen (4km) gibt es weitere Einkaufsm\u00f6glichkeiten.<\/p><p>Gut b\u00fcrgerlich essen k\u00f6nnen sie im Landgasthof Wider und im Restaurant Linde<\/p>\t\t\t\t\t\t\t\t<\/div>\n\t\t\t\t<\/div>\n\t\t\t\t\t<\/div>\n\t\t<\/div>\n\t\t\t\t<div class=\"elementor-column elementor-col-33 elementor-top-column elementor-element elementor-element-c83aa75\" data-id=\"c83aa75\" data-element_type=\"column\" data-e-type=\"column\">\n\t\t\t<div class=\"elementor-widget-wrap elementor-element-populated\">\n\t\t\t\t\t\t<div class=\"elementor-element elementor-element-c290942 elementor-widget elementor-widget-html\" data-id=\"c290942\" data-element_type=\"widget\" data-e-type=\"widget\" data-widget_type=\"html.default\">\n\t\t\t\t<div class=\"elementor-widget-container\">\n\t\t\t\t\t<iframe src=\"https:\/\/www.google.com\/maps\/embed?pb=!1m23!1m12!1m3!1d10732.573192553356!2d8.718378033218391!3d47.73987429739096!2m3!1f0!2f0!3f0!3m2!1i1024!2i768!4f13.1!4m8!3e6!4m0!4m5!1s0x479a80987338916d%3A0xf5ac489014b9e9b7!2sHinter+den+G%C3%A4rten%2C+78244+Gottmadingen!3m2!1d47.739860199999995!2d8.7271328!5e0!3m2!1sde!2sde!4v1552603937075\" width=\"600\" height=\"450\" frameborder=\"0\" style=\"border:0\" allowfullscreen><\/iframe>\t\t\t\t<\/div>\n\t\t\t\t<\/div>\n\t\t\t\t\t<\/div>\n\t\t<\/div>\n\t\t\t\t\t<\/div>\n\t\t<\/section>\n\t\t\t\t<\/div>\n\t\t","protected":false},"excerpt":{"rendered":"<p>Bietingen ist ein Dorf mit ca. 1.150 Einwohnern im Landkreis Konstanz in Baden-W\u00fcrttemberg. Die bis 1974 selbst\u00e4ndige Gemeinde Bietingen geh\u00f6rt heute als Ortsteil zur Gemeinde Gottmadingen. Bietingen liegt am Westrand des Hegau an der Grenze zur Schweiz, etwa auf halbem Weg zwischen den St\u00e4dten Schaffhausen und Singen (Hohentwiel). Das h\u00fcgelige Gel\u00e4nde um Bietingen wird von &hellip; <\/p>\n<p class=\"link-more\"><a href=\"http:\/\/fewo-carolla.de\/?page_id=74\" class=\"more-link\"><span class=\"screen-reader-text\">\u201eLage\u201c <\/span>weiterlesen<\/a><\/p>\n","protected":false},"author":1,"featured_media":0,"parent":0,"menu_order":0,"comment_status":"closed","ping_status":"closed","template":"elementor_header_footer","meta":{"footnotes":""},"class_list":["post-74","page","type-page","status-publish","hentry"],"_links":{"self":[{"href":"http:\/\/fewo-carolla.de\/index.php?rest_route=\/wp\/v2\/pages\/74","targetHints":{"allow":["GET"]}}],"collection":[{"href":"http:\/\/fewo-carolla.de\/index.php?rest_route=\/wp\/v2\/pages"}],"about":[{"href":"http:\/\/fewo-carolla.de\/index.php?rest_route=\/wp\/v2\/types\/page"}],"author":[{"embeddable":true,"href":"http:\/\/fewo-carolla.de\/index.php?rest_route=\/wp\/v2\/users\/1"}],"replies":[{"embeddable":true,"href":"http:\/\/fewo-carolla.de\/index.php?rest_route=%2Fwp%2Fv2%2Fcomments&post=74"}],"version-history":[{"count":17,"href":"http:\/\/fewo-carolla.de\/index.php?rest_route=\/wp\/v2\/pages\/74\/revisions"}],"predecessor-version":[{"id":221,"href":"http:\/\/fewo-carolla.de\/index.php?rest_route=\/wp\/v2\/pages\/74\/revisions\/221"}],"wp:attachment":[{"href":"http:\/\/fewo-carolla.de\/index.php?rest_route=%2Fwp%2Fv2%2Fmedia&parent=74"}],"curies":[{"name":"wp","href":"https:\/\/api.w.org\/{rel}","templated":true}]}}